{"id":6,"date":"2026-01-22T18:20:31","date_gmt":"2026-01-22T17:20:31","guid":{"rendered":"https:\/\/itakipse.com\/?page_id=6"},"modified":"2026-03-10T19:41:07","modified_gmt":"2026-03-10T18:41:07","slug":"mes-services","status":"publish","type":"page","link":"https:\/\/itakipse.com\/?page_id=6","title":{"rendered":"Nos services"},"content":{"rendered":"\n<div class=\"wp-block-group alignfull is-layout-constrained wp-container-core-group-is-layout-ebee8dc1 wp-block-group-is-layout-constrained\" style=\"margin-top:0;margin-bottom:0;padding-top:var(--wp--preset--spacing--50);padding-bottom:var(--wp--preset--spacing--50)\">\n<div class=\"wp-block-columns alignwide are-vertically-aligned-center is-layout-flex wp-container-core-columns-is-layout-28f84493 wp-block-columns-is-layout-flex\">\n<div class=\"wp-block-column is-vertically-aligned-center is-layout-flow wp-block-column-is-layout-flow\">\n<h2 class=\"wp-block-heading has-text-align-center has-body-text-color has-text-color has-link-color has-medium-font-size wp-elements-925bf76b6aa73a50f581c69fd05ea38a\">Audit de protection sociale compl\u00e9mentaire<\/h2>\n\n\n\n<figure class=\"wp-block-image aligncenter size-full is-resized wp-duotone-grayscale\" style=\"margin-bottom:24px\"><img loading=\"lazy\" decoding=\"async\" width=\"1215\" height=\"1159\" src=\"https:\/\/itakipse.com\/wp-content\/uploads\/2026\/01\/Loupe-Transparent-Free-PNG.png\" alt=\"\" class=\"wp-image-10\" style=\"aspect-ratio:1.3333333333333333;object-fit:contain;width:137px;height:auto\" srcset=\"https:\/\/itakipse.com\/wp-content\/uploads\/2026\/01\/Loupe-Transparent-Free-PNG.png 1215w, https:\/\/itakipse.com\/wp-content\/uploads\/2026\/01\/Loupe-Transparent-Free-PNG-300x286.png 300w, https:\/\/itakipse.com\/wp-content\/uploads\/2026\/01\/Loupe-Transparent-Free-PNG-1024x977.png 1024w, https:\/\/itakipse.com\/wp-content\/uploads\/2026\/01\/Loupe-Transparent-Free-PNG-768x733.png 768w\" sizes=\"auto, (max-width: 1215px) 100vw, 1215px\" \/><\/figure>\n\n\n\n<p class=\"has-accent-4-color has-text-color has-link-color has-body-text-font-size\" style=\"font-style: italic; font-weight: 600; text-decoration: underline; text-align: center;\"><span style=\"background-color: #aac528;\">Une analyse minutieuse<\/span><\/p>\n\n\n\n<ul style=\"list-style-type: square;\">\n<li style=\"text-align: justify;\">Analyse de la conformit\u00e9 des dispositifs mis en place,<\/li>\n<li style=\"text-align: justify;\"><em>Validation <\/em><em>du <\/em><em>respect <\/em><em>du <\/em><em>caract\u00e8re collectif <\/em><em>et obligatoire,<\/em><\/li>\n<li style=\"text-align: justify;\"><em>Analyse <\/em><em>des <\/em><em>actes <\/em><em>juridiques <\/em><em>de mise en place des r\u00e9gimes ( DUE, Accord&nbsp;<\/em><em> d&rsquo; entreprise, Accord r\u00e9f\u00e9rendaire).<\/em><\/li>\n<\/ul>\n<\/div>\n\n\n\n<div class=\"wp-block-column is-vertically-aligned-center is-layout-flow wp-block-column-is-layout-flow\">\n<h2 class=\"wp-block-heading has-text-align-center has-body-text-color has-text-color has-link-color has-medium-font-size wp-elements-151cd4b6326ddc893f21f054bc284d37\">Assistance sur appel d&rsquo;offres<\/h2>\n\n\n\n<figure class=\"wp-block-image aligncenter size-full is-resized wp-duotone-grayscale\" style=\"margin-bottom:24px\"><img loading=\"lazy\" decoding=\"async\" width=\"500\" height=\"375\" src=\"https:\/\/itakipse.com\/wp-content\/uploads\/2026\/01\/Team-Work-Transparent-PNG-1.png\" alt=\"\" class=\"wp-image-11\" style=\"object-fit:contain;width:142px;height:auto\" srcset=\"https:\/\/itakipse.com\/wp-content\/uploads\/2026\/01\/Team-Work-Transparent-PNG-1.png 500w, https:\/\/itakipse.com\/wp-content\/uploads\/2026\/01\/Team-Work-Transparent-PNG-1-300x225.png 300w\" sizes=\"auto, (max-width: 500px) 100vw, 500px\" \/><\/figure>\n\n\n\n<ul style=\"list-style-type: square;\">\n<li style=\"text-align: justify;\"><em>Analyse<\/em> <em>des<\/em> <em>besoins,<\/em><\/li>\n<li style=\"text-align: justify;\"><em>Recherche <\/em><em>des <\/em><em>leviers <\/em><em>d&rsquo;<\/em> <em>optimisation,<\/em><\/li>\n<li style=\"text-align: justify;\"><em>Pr\u00e9conisations <\/em><em>des <\/em><em>sc\u00e9narios possibles,<\/em><\/li>\n<li style=\"text-align: justify;\"><em>Elaboration <\/em><em>du cahier des charges,<\/em><\/li>\n<li style=\"text-align: justify;\"><em>Analyse <\/em><em>et <\/em><em>restitution <\/em><em>des <\/em><em>offres re\u00e7ues,<\/em><\/li>\n<li style=\"text-align: justify;\"><em>Aide<\/em> <em>\u00e0 la d\u00e9cision,<\/em><\/li>\n<li style=\"text-align: justify;\"><em>Accompagnement <\/em><em>dans <\/em><em>la <\/em><em>mise <\/em><em>en place.<\/em><\/li>\n<\/ul>\n\n\n\n<p class=\"has-text-align-left has-body-text-font-size\" style=\"font-style: italic; font-weight: 600; text-decoration: underline;\"><span style=\"background-color: #aac528;\">Un cahier des charges construit ensemble<\/span><\/p>\n<\/div>\n\n\n\n<div class=\"wp-block-column is-vertically-aligned-center is-layout-flow wp-block-column-is-layout-flow\">\n<figure class=\"wp-block-image aligncenter size-full is-resized wp-duotone-grayscale\" style=\"margin-bottom:24px\"><img loading=\"lazy\" decoding=\"async\" width=\"512\" height=\"512\" src=\"https:\/\/itakipse.com\/wp-content\/uploads\/2026\/01\/Calendar-Icon-Transparent-Background.png\" alt=\"\" class=\"wp-image-12\" style=\"aspect-ratio:1.3333333333333333;object-fit:contain;width:132px;height:auto\" srcset=\"https:\/\/itakipse.com\/wp-content\/uploads\/2026\/01\/Calendar-Icon-Transparent-Background.png 512w, https:\/\/itakipse.com\/wp-content\/uploads\/2026\/01\/Calendar-Icon-Transparent-Background-300x300.png 300w, https:\/\/itakipse.com\/wp-content\/uploads\/2026\/01\/Calendar-Icon-Transparent-Background-150x150.png 150w\" sizes=\"auto, (max-width: 512px) 100vw, 512px\" \/><\/figure>\n\n\n\n<h2 class=\"wp-block-heading has-text-align-center has-body-text-color has-text-color has-link-color has-medium-font-size wp-elements-9b390088a50bc4231c36d614380fa1f8\">Suivi annuel<\/h2>\n\n\n\n<blockquote>\n<pre class=\"wp-block-verse has-body-text-color has-text-color has-link-color has-poppins-font-family has-body-text-font-size\"><span style=\"text-decoration: underline; background-color: #aac528;\"><em><strong>Un accompagnement sur mesure<\/strong><\/em><\/span><\/pre>\n<\/blockquote>\n\n\n\n<p>Notamment :<\/p>\n<ul style=\"list-style-type: square;\">\n<li style=\"text-align: justify;\"><em>Veille <\/em><em>juridique <\/em><em>et <\/em><em>r\u00e9glementaire,<\/em><\/li>\n<li style=\"text-align: justify;\"><em>Assistance <\/em><em>et <\/em><em>renseignements<\/em><em> divers <\/em><em>dans <\/em><em>le <\/em><em>domaine <\/em><em>de la <\/em><em>Protection Sociale,<\/em><\/li>\n<li style=\"text-align: justify;\"><em>Accompagnement <\/em><em>en <\/em><em>cas <\/em><em>de <\/em><em>sinistre<\/em> <em>lourd <\/em><em>(D\u00e9c\u00e8s, Invalidit\u00e9),<\/em><\/li>\n<li style=\"text-align: justify;\"><em>Accompagnement <\/em><em>lors <\/em><em>des <\/em><em>r\u00e9unions <\/em><em>d\u00e9di\u00e9es <\/em><em>avec <\/em><em>les <\/em><em>instances <\/em><em>repr\u00e9sentatives <\/em><em>du personnel.<\/em><\/li>\n<\/ul>\n<\/div>\n<\/div>\n<\/div>\n","protected":false},"excerpt":{"rendered":"<p>Audit de protection sociale compl\u00e9mentaire Une analyse minutieuse Analyse de la conformit\u00e9 des dispositifs mis en place, Validation du respect du caract\u00e8re collectif et obligatoire, Analyse des actes juridiques de mise en place des r\u00e9gimes ( DUE, Accord&nbsp; d&rsquo; entreprise, Accord r\u00e9f\u00e9rendaire). Assistance sur appel d&rsquo;offres Analyse des besoins, Recherche des leviers d&rsquo; optimisation, Pr\u00e9conisations [&hellip;]<\/p>\n","protected":false},"author":1,"featured_media":9,"parent":0,"menu_order":0,"comment_status":"closed","ping_status":"closed","template":"","meta":{"footnotes":""},"class_list":["post-6","page","type-page","status-publish","has-post-thumbnail","hentry"],"_links":{"self":[{"href":"https:\/\/itakipse.com\/index.php?rest_route=\/wp\/v2\/pages\/6","targetHints":{"allow":["GET"]}}],"collection":[{"href":"https:\/\/itakipse.com\/index.php?rest_route=\/wp\/v2\/pages"}],"about":[{"href":"https:\/\/itakipse.com\/index.php?rest_route=\/wp\/v2\/types\/page"}],"author":[{"embeddable":true,"href":"https:\/\/itakipse.com\/index.php?rest_route=\/wp\/v2\/users\/1"}],"replies":[{"embeddable":true,"href":"https:\/\/itakipse.com\/index.php?rest_route=%2Fwp%2Fv2%2Fcomments&post=6"}],"version-history":[{"count":22,"href":"https:\/\/itakipse.com\/index.php?rest_route=\/wp\/v2\/pages\/6\/revisions"}],"predecessor-version":[{"id":331,"href":"https:\/\/itakipse.com\/index.php?rest_route=\/wp\/v2\/pages\/6\/revisions\/331"}],"wp:featuredmedia":[{"embeddable":true,"href":"https:\/\/itakipse.com\/index.php?rest_route=\/wp\/v2\/media\/9"}],"wp:attachment":[{"href":"https:\/\/itakipse.com\/index.php?rest_route=%2Fwp%2Fv2%2Fmedia&parent=6"}],"curies":[{"name":"wp","href":"https:\/\/api.w.org\/{rel}","templated":true}]}}