{"id":282,"date":"2026-03-09T18:33:50","date_gmt":"2026-03-09T17:33:50","guid":{"rendered":"https:\/\/itakipse.com\/?page_id=282"},"modified":"2026-03-10T19:39:25","modified_gmt":"2026-03-10T18:39:25","slug":"reclamation","status":"publish","type":"page","link":"https:\/\/itakipse.com\/?page_id=282","title":{"rendered":"R\u00e9clamation"},"content":{"rendered":"\n<p>En cas d&rsquo;insatisfaction sur la prestation fournie, vous pouvez adresser votre r\u00e9clamation \u00e0 reclamation@itakipse.com.<\/p>\n\n\n\n<p style=\"text-align: justify;\">ITAK IPSE en accusera r\u00e9ception dans un d\u00e9lai de dix jours ouvr\u00e9s<em> (sauf si une r\u00e9ponse peut \u00eatre apport\u00e9e avant)<\/em> et traitera votre r\u00e9clamation dans un d\u00e9lai maximal de deux mois apr\u00e8s r\u00e9ception.<\/p>\n\n\n\n<p style=\"text-align: justify;\"><strong>En cas de d\u00e9saccord persistant, et apr\u00e8s \u00e9puisement des voies de recours internes<\/strong>, vous pouvez alors solliciter l\u2019avis du\u00a0<strong>M\u00e9diateur<\/strong>\u00a0d\u00e9sign\u00e9 par la Compagnie Nationale des Services de Conseil en Risques &amp; Assurances\u00a0<em>(CNSCRA)\u00a0<\/em> par mail \u00e0 lemediateur@cnscra.fr ou par courrier :<\/p>\n\n\n\n<p class=\"has-text-align-center\"><strong>Mr. le M\u00e9diateur de la CNSCRA<\/strong><br><strong>CNSCRA<\/strong><br><strong>Tour de l&rsquo;Horloge<\/strong><br><strong>4 Place Louis Armand<\/strong><br><strong>75012 PARiS<\/strong><\/p>\n","protected":false},"excerpt":{"rendered":"<p>En cas d&rsquo;insatisfaction sur la prestation fournie, vous pouvez adresser votre r\u00e9clamation \u00e0 reclamation@itakipse.com. ITAK IPSE en accusera r\u00e9ception dans un d\u00e9lai de dix jours ouvr\u00e9s (sauf si une r\u00e9ponse peut \u00eatre apport\u00e9e avant) et traitera votre r\u00e9clamation dans un d\u00e9lai maximal de deux mois apr\u00e8s r\u00e9ception. En cas de d\u00e9saccord persistant, et apr\u00e8s \u00e9puisement [&hellip;]<\/p>\n","protected":false},"author":1,"featured_media":0,"parent":0,"menu_order":0,"comment_status":"closed","ping_status":"closed","template":"","meta":{"footnotes":""},"class_list":["post-282","page","type-page","status-publish","hentry"],"_links":{"self":[{"href":"https:\/\/itakipse.com\/index.php?rest_route=\/wp\/v2\/pages\/282","targetHints":{"allow":["GET"]}}],"collection":[{"href":"https:\/\/itakipse.com\/index.php?rest_route=\/wp\/v2\/pages"}],"about":[{"href":"https:\/\/itakipse.com\/index.php?rest_route=\/wp\/v2\/types\/page"}],"author":[{"embeddable":true,"href":"https:\/\/itakipse.com\/index.php?rest_route=\/wp\/v2\/users\/1"}],"replies":[{"embeddable":true,"href":"https:\/\/itakipse.com\/index.php?rest_route=%2Fwp%2Fv2%2Fcomments&post=282"}],"version-history":[{"count":4,"href":"https:\/\/itakipse.com\/index.php?rest_route=\/wp\/v2\/pages\/282\/revisions"}],"predecessor-version":[{"id":330,"href":"https:\/\/itakipse.com\/index.php?rest_route=\/wp\/v2\/pages\/282\/revisions\/330"}],"wp:attachment":[{"href":"https:\/\/itakipse.com\/index.php?rest_route=%2Fwp%2Fv2%2Fmedia&parent=282"}],"curies":[{"name":"wp","href":"https:\/\/api.w.org\/{rel}","templated":true}]}}