{"id":218,"date":"2026-02-03T11:54:51","date_gmt":"2026-02-03T10:54:51","guid":{"rendered":"https:\/\/itakipse.com\/?page_id=218"},"modified":"2026-03-09T15:39:59","modified_gmt":"2026-03-09T14:39:59","slug":"profession-reglementee","status":"publish","type":"page","link":"https:\/\/itakipse.com\/?page_id=218","title":{"rendered":"Profession r\u00e9glement\u00e9e"},"content":{"rendered":"\n<div class=\"wp-block-columns is-layout-flex wp-container-core-columns-is-layout-28f84493 wp-block-columns-is-layout-flex\">\n<div class=\"wp-block-column is-layout-flow wp-block-column-is-layout-flow\" style=\"flex-basis:50%\">\n<p style=\"text-align: justify;\"><strong>Itak Ipse<\/strong> est une soci\u00e9t\u00e9 d\u2019audit et de conseil en protection sociale compl\u00e9mentaire (PSC) au titre de l\u2019activit\u00e9 r\u00e9glement\u00e9e d\u2019interm\u00e9diaire d\u2019assurance soumis aux dispositions des articles L511-1 \u00e0 L516-2 du code des assurances.<\/p>\n<p style=\"text-align: justify;\"><strong>Itak Ipse<\/strong> est inscrite sous le num\u00e9ro d\u2019immatriculation 24005688 au registre unique des interm\u00e9diaires en assurance, banque et finance ORIAS (<a href=\"https:\/\/www.orias.fr\/\" target=\"_blank\" rel=\"noopener noreferrer\">www.orias.fr<\/a>), et son activit\u00e9 est soumise \u00e0 l\u2019Autorit\u00e9 de Contr\u00f4le Prudentiel et de R\u00e9solution (ACPR) (<a href=\"https:\/\/acpr.banque-france.fr\/\" target=\"_blank\" rel=\"noopener noreferrer\">acpr.banque-france.fr<\/a>).<\/p>\n<p style=\"text-align: justify;\">Pour l&rsquo;instant, les Pouvoirs Publics n&rsquo;ont pas cr\u00e9\u00e9 de cat\u00e9gorie sp\u00e9cifique pour l&rsquo;immatriculation au registre unique tenu par l&rsquo;ORiAS des <span style=\"text-decoration: underline;\">conseils ind\u00e9pendants en protection sociale<\/span>. \u00a0<strong>Itak Ipse<\/strong> est donc class\u00e9e dans la cat\u00e9gorie COA.<\/p>\n<p style=\"text-align: justify;\"><strong>Itak Ipse<\/strong> a souscrit un contrat d\u2019assurance qui la prot\u00e8ge contre les cons\u00e9quences p\u00e9cuniaires de sa responsabilit\u00e9 civile professionnelle et n\u2019encaisse aucuns fonds destin\u00e9s \u00e0 \u00eatre vers\u00e9s soit \u00e0 une entreprise d\u2019assurance, soit \u00e0 des assur\u00e9s.<\/p>\n<\/div>\n\n\n\n<div class=\"wp-block-column is-layout-flow wp-block-column-is-layout-flow\" style=\"flex-basis:50%\">\n<p>\u00a0<\/p>\n<hr \/>\n<p style=\"text-align: center;\"><span style=\"color: #aac528;\"><strong>Catherine ESPI<\/strong><\/span>, son pr\u00e9sident :<\/p>\n<ul style=\"list-style-type: square;\">\n<li style=\"text-align: justify;\">R\u00e9pond \u00e0 la condition d\u2019honorabilit\u00e9, et b\u00e9n\u00e9ficie de la capacit\u00e9 professionnelle en assurance,<\/li>\n<li style=\"text-align: justify;\">B\u00e9n\u00e9ficie de la pr\u00e9somption de comp\u00e9tence juridique en raison de son inscription sur le registre de l\u2019ORIAS, car \u00ab les personnes exer\u00e7ant une activit\u00e9 professionnelle r\u00e9glement\u00e9e peuvent, dans les limites autoris\u00e9es par la r\u00e9glementation qui leur est applicable, donner des consultations juridiques relevant de leur activit\u00e9 principale et r\u00e9diger des actes sous seing priv\u00e9 qui constituent l\u2019accessoire direct de la prestation fournie \u00bb (Article 59 de la loi n\u00b0 71-1130 du 31 d\u00e9cembre 1971 portant r\u00e9forme de certaines professions judiciaires et juridiques).<hr \/><\/li>\n<\/ul>\n<p>\u00a0<\/p>\n<\/div>\n<\/div>\n","protected":false},"excerpt":{"rendered":"<p>Itak Ipse est une soci\u00e9t\u00e9 d\u2019audit et de conseil en protection sociale compl\u00e9mentaire (PSC) au titre de l\u2019activit\u00e9 r\u00e9glement\u00e9e d\u2019interm\u00e9diaire d\u2019assurance soumis aux dispositions des articles L511-1 \u00e0 L516-2 du code des assurances. Itak Ipse est inscrite sous le num\u00e9ro d\u2019immatriculation 24005688 au registre unique des interm\u00e9diaires en assurance, banque et finance ORIAS (www.orias.fr), et [&hellip;]<\/p>\n","protected":false},"author":1,"featured_media":0,"parent":0,"menu_order":0,"comment_status":"closed","ping_status":"closed","template":"","meta":{"footnotes":""},"class_list":["post-218","page","type-page","status-publish","hentry"],"_links":{"self":[{"href":"https:\/\/itakipse.com\/index.php?rest_route=\/wp\/v2\/pages\/218","targetHints":{"allow":["GET"]}}],"collection":[{"href":"https:\/\/itakipse.com\/index.php?rest_route=\/wp\/v2\/pages"}],"about":[{"href":"https:\/\/itakipse.com\/index.php?rest_route=\/wp\/v2\/types\/page"}],"author":[{"embeddable":true,"href":"https:\/\/itakipse.com\/index.php?rest_route=\/wp\/v2\/users\/1"}],"replies":[{"embeddable":true,"href":"https:\/\/itakipse.com\/index.php?rest_route=%2Fwp%2Fv2%2Fcomments&post=218"}],"version-history":[{"count":8,"href":"https:\/\/itakipse.com\/index.php?rest_route=\/wp\/v2\/pages\/218\/revisions"}],"predecessor-version":[{"id":332,"href":"https:\/\/itakipse.com\/index.php?rest_route=\/wp\/v2\/pages\/218\/revisions\/332"}],"wp:attachment":[{"href":"https:\/\/itakipse.com\/index.php?rest_route=%2Fwp%2Fv2%2Fmedia&parent=218"}],"curies":[{"name":"wp","href":"https:\/\/api.w.org\/{rel}","templated":true}]}}