{"id":168,"date":"2026-01-29T11:18:53","date_gmt":"2026-01-29T10:18:53","guid":{"rendered":"https:\/\/itakipse.com\/?page_id=168"},"modified":"2026-03-09T15:35:55","modified_gmt":"2026-03-09T14:35:55","slug":"__trashed-2","status":"publish","type":"page","link":"https:\/\/itakipse.com\/","title":{"rendered":"Audit et conseil en protection sociale compl\u00e9mentaire"},"content":{"rendered":"\n<div class=\"wp-block-columns is-layout-flex wp-container-core-columns-is-layout-28f84493 wp-block-columns-is-layout-flex\">\n<div class=\"wp-block-column is-layout-flow wp-block-column-is-layout-flow\" style=\"flex-basis:50%\">\n<p>&nbsp;<\/p>\n<p style=\"text-align: justify;\">Itak Ipse est sp\u00e9cialis\u00e9e dans l\u2019accompagnement et le conseil en protection sociale compl\u00e9mentaire (PSC) des risques d\u2019assurance pr\u00e9voyance et sant\u00e9 aupr\u00e8s des employeurs.<br><br>Itak Ipse ne commercialise aucun contrat d&rsquo;assurance et n&rsquo;est li\u00e9e \u00e0 aucun assureur ou interm\u00e9diaire d&rsquo;assurance.<\/p>\n<\/div>\n\n\n\n<div class=\"wp-block-column is-layout-flow wp-block-column-is-layout-flow\" style=\"flex-basis:50%\">\n<p class=\"has-primary-color has-text-color has-link-color has-medium-font-size\" style=\"text-align: center;\">Pourquoi faire appel<br \/>\u00e0 un conseil en protection sociale ?<\/p>\n<p style=\"text-align: center;\">Parce qu&rsquo;il est <strong>ind\u00e9pendant \u00e0 100 %<\/strong> :<br \/>0 mandat assureur,<br \/>0 conflit d&rsquo;int\u00e9r\u00eat,<br \/>0 commission cach\u00e9e.<\/p>\n<\/div>\n<\/div>\n\n\n\n<p class=\"has-text-align-center has-medium-font-size\"><img loading=\"lazy\" decoding=\"async\" width=\"50\" height=\"50\" src=\"https:\/\/itakipse.com\/wp-content\/uploads\/2026\/02\/II_CARRE_1-150x150.png\" alt=\"\">   Il vous repr\u00e9sente <strong>vous<\/strong>, uniquement vous.<\/p>\n","protected":false},"excerpt":{"rendered":"<p>&nbsp; Itak Ipse est sp\u00e9cialis\u00e9e dans l\u2019accompagnement et le conseil en protection sociale compl\u00e9mentaire (PSC) des risques d\u2019assurance pr\u00e9voyance et sant\u00e9 aupr\u00e8s des employeurs. Itak Ipse ne commercialise aucun contrat d&rsquo;assurance et n&rsquo;est li\u00e9e \u00e0 aucun assureur ou interm\u00e9diaire d&rsquo;assurance. Pourquoi faire appel\u00e0 un conseil en protection sociale ? Parce qu&rsquo;il est ind\u00e9pendant \u00e0 100 [&hellip;]<\/p>\n","protected":false},"author":1,"featured_media":0,"parent":0,"menu_order":0,"comment_status":"closed","ping_status":"closed","template":"","meta":{"footnotes":""},"class_list":["post-168","page","type-page","status-publish","hentry"],"_links":{"self":[{"href":"https:\/\/itakipse.com\/index.php?rest_route=\/wp\/v2\/pages\/168","targetHints":{"allow":["GET"]}}],"collection":[{"href":"https:\/\/itakipse.com\/index.php?rest_route=\/wp\/v2\/pages"}],"about":[{"href":"https:\/\/itakipse.com\/index.php?rest_route=\/wp\/v2\/types\/page"}],"author":[{"embeddable":true,"href":"https:\/\/itakipse.com\/index.php?rest_route=\/wp\/v2\/users\/1"}],"replies":[{"embeddable":true,"href":"https:\/\/itakipse.com\/index.php?rest_route=%2Fwp%2Fv2%2Fcomments&post=168"}],"version-history":[{"count":32,"href":"https:\/\/itakipse.com\/index.php?rest_route=\/wp\/v2\/pages\/168\/revisions"}],"predecessor-version":[{"id":289,"href":"https:\/\/itakipse.com\/index.php?rest_route=\/wp\/v2\/pages\/168\/revisions\/289"}],"wp:attachment":[{"href":"https:\/\/itakipse.com\/index.php?rest_route=%2Fwp%2Fv2%2Fmedia&parent=168"}],"curies":[{"name":"wp","href":"https:\/\/api.w.org\/{rel}","templated":true}]}}